{"id":3604,"date":"2024-12-15T16:24:07","date_gmt":"2024-12-15T15:24:07","guid":{"rendered":"http:\/\/mvvjbcx.cluster100.hosting.ovh.net\/?page_id=3604"},"modified":"2025-07-27T17:49:07","modified_gmt":"2025-07-27T15:49:07","slug":"cennik","status":"publish","type":"page","link":"http:\/\/ptychufit.pl\/?page_id=3604","title":{"rendered":"Cennik"},"content":{"rendered":"\t\t<div data-elementor-type=\"wp-page\" data-elementor-id=\"3604\" class=\"elementor elementor-3604\" data-elementor-post-type=\"page\">\n\t\t\t\t\t\t<section class=\"elementor-section elementor-top-section elementor-element elementor-element-4d04f14 elementor-section-full_width elementor-section-height-default elementor-section-height-default\" data-id=\"4d04f14\" data-element_type=\"section\">\n\t\t\t\t\t\t<div class=\"elementor-container elementor-column-gap-no\">\n\t\t\t\t\t<div class=\"elementor-column elementor-col-100 elementor-top-column elementor-element elementor-element-3cdad17\" data-id=\"3cdad17\" data-element_type=\"column\" data-settings=\"{&quot;background_background&quot;:&quot;classic&quot;}\">\n\t\t\t<div class=\"elementor-widget-wrap elementor-element-populated\">\n\t\t\t\t\t\t<div class=\"elementor-element elementor-element-4d1c187 elementor-widget elementor-widget-dridebanner3\" data-id=\"4d1c187\" data-element_type=\"widget\" data-widget_type=\"dridebanner3.default\">\n\t\t\t\t<div class=\"elementor-widget-container\">\n\t\t\t<div class=\"th-hero-wrapper hero-1 hero-14\" id=\"hero\"><div class=\"hero-slider-1 th-carousel\" data-adaptive-height=\"true\" data-fade=\"true\" data-slide-show=\"1\" data-md-slide-show=\"1\" data-arrows=\"true\" data-xl-arrows=\"true\"><div class=\"th-hero-slide\"><div class=\"th-hero-bg\" data-overlay=\"title\" data-opacity=\"8\" data-bg-src=\"http:\/\/ptychufit.pl\/wp-content\/uploads\/2025\/03\/609b9f0585534_o_full.jpg\"><\/div><div class=\"container\"><div class=\"hero-style1 hero-style2 hero-style5 hero-style14\"><span class=\"sub-title\" data-ani=\"slideinleft\" data-ani-delay=\"0.1s\">Osi\u0105gnij swoje cele zdrowotne.<\/span><h1 class=\"hero-title\" data-ani=\"slideinleft\" data-ani-delay=\"0.3s\">Zmieniaj \u017cycie,<\/h1><h1 class=\"hero-title\" data-ani=\"slideinleft\" data-ani-delay=\"0.5s\">zacznij teraz!<\/h1><p class=\"hero-text\" data-ani=\"slideinleft\" data-ani-delay=\"0.7s\">Chcesz osi\u0105gn\u0105\u0107 swoje cele zdrowotne? Zapoznaj si\u0119 z moimi us\u0142ugami i wybierz plan, kt\u00f3ry pomo\u017ce Ci osi\u0105gn\u0105\u0107 lepsz\u0105 form\u0119, zdrowie i samopoczucie.<\/p><div class=\"btn-group\" data-ani=\"slideinleft\" data-ani-delay=\"0.9s\"><a href=\"#cennik\" class=\"th-btn style3\">DOWIEDZ SI\u0118 WI\u0118CEJ<i class=\"fas fa-arrow-right ms-2\"><\/i><\/a><div class=\"video-btn\"><a href=\"\" class=\"play-btn popup-video\"><i class=\"fas fa-play\"><\/i><\/a><a href=\"\" class=\"line-btn popup-video\"><\/a><\/div><\/div><\/div><\/div><\/div><\/div><\/div>\t\t<\/div>\n\t\t\t\t<\/div>\n\t\t\t\t\t<\/div>\n\t\t<\/div>\n\t\t\t\t\t<\/div>\n\t\t<\/section>\n\t\t\t\t<section class=\"elementor-section elementor-top-section elementor-element elementor-element-9032520 faq-sec1 background-image elementor-section-boxed elementor-section-height-default elementor-section-height-default\" data-id=\"9032520\" data-element_type=\"section\" id=\"cennik\" data-settings=\"{&quot;background_background&quot;:&quot;classic&quot;}\">\n\t\t\t\t\t\t<div class=\"elementor-container elementor-column-gap-default\">\n\t\t\t\t\t<div class=\"elementor-column elementor-col-100 elementor-top-column elementor-element elementor-element-c99dfca\" data-id=\"c99dfca\" data-element_type=\"column\">\n\t\t\t<div class=\"elementor-widget-wrap elementor-element-populated\">\n\t\t\t\t\t\t<div class=\"elementor-element elementor-element-9c63a92 elementor-widget__width-initial elementor-widget elementor-widget-dridesectiontitle\" data-id=\"9c63a92\" data-element_type=\"widget\" data-widget_type=\"dridesectiontitle.default\">\n\t\t\t\t<div class=\"elementor-widget-container\">\n\t\t\t<div class=\"title-area-wrap\"><div class=\"title-area\" ><span class=\"sub-title subtitle-selector\"><img decoding=\"async\" src=\"http:\/\/ptychufit.pl\/wp-content\/uploads\/2025\/03\/male-logo.png\" alt=\"male logo\"  class=\"icon\" \/>Cennik us\u0142ug<\/span><h2 class=\"sec-title title-selector\">Zobacz, jak mog\u0119 Ci pom\u00f3c \u2013 sprawd\u017a dost\u0119pne opcje w moim cenniku.<\/h2><\/div><\/div>\t\t<\/div>\n\t\t\t\t<\/div>\n\t\t\t\t<div class=\"elementor-element elementor-element-49f4053 elementor-widget elementor-widget-dridepricing\" data-id=\"49f4053\" data-element_type=\"widget\" data-widget_type=\"dridepricing.default\">\n\t\t\t\t<div class=\"elementor-widget-container\">\n\t\t\t<div class=\"row gy-4 justify-content-center\"><div class=\"col-lg-4 col-md-6\"><div class=\"price-card \"><h3 class=\"box-title\">Jad\u0142ospis<\/h3><p class=\"price-card_text\">Spersonalizowany jad\u0142ospis dopasowany do Twoich cel\u00f3w, stylu \u017cycia i preferencji \u017cywieniowych.<\/p><h4 class=\"price-card_price\">199<span class=\"currency\">z\u0142<\/span><span class=\"duration\"> \/ pakiet<\/span><\/h4><div class=\"price-card_content\"><div class=\"checklist\"><ul><li><i class=\"fas fa-circle-check\"><\/i>Dopasowanie do cel\u00f3w<\/li><li><i class=\"fas fa-circle-check\"><\/i>Uwzgl\u0119dnienie alergii<\/li><li><i class=\"fas fa-circle-check\"><\/i>7 dni posi\u0142k\u00f3w<\/li><li><i class=\"fas fa-circle-check\"><\/i>Lista zakup\u00f3w<\/li><li><i class=\"fas fa-circle-check\"><\/i>Proste przepisy<\/li><\/ul><\/div><a href=\"\/#kontakt\" class=\"th-btn\">KONTAKT<i class=\"fas fa-arrow-right ms-2\"><\/i><\/a><\/div><\/div><\/div><div class=\"col-lg-4 col-md-6\"><div class=\"price-card active\"><span class=\"tag\">Okazja<\/span><h3 class=\"box-title\">Plan + jad\u0142ospis<\/h3><p class=\"price-card_text\">Kompleksowy plan obejmuj\u0105cy diet\u0119 i trening, kt\u00f3ry pomo\u017ce Ci osi\u0105gn\u0105\u0107 Twoje cele zdrowotne i fitnessowe.<\/p><h4 class=\"price-card_price\">249<span class=\"currency\">z\u0142<\/span><span class=\"duration\"> \/ pakiet<\/span><\/h4><div class=\"price-card_content\"><div class=\"checklist\"><ul><li><i class=\"fas fa-circle-check\"><\/i>Indywidualny plan treningowy<\/li><li><i class=\"fas fa-circle-check\"><\/i>7 dniowy jad\u0142ospis z przepisami<\/li><li><i class=\"fas fa-circle-check\"><\/i>Wskaz\u00f3wki regeneracyjne<\/li><li><i class=\"fas fa-circle-check\"><\/i>Zalecenia suplementacyjne<\/li><li><i class=\"fas fa-circle-check\"><\/i>Monitorowanie post\u0119p\u00f3w<\/li><\/ul><\/div><a href=\"\/#kontakt\" class=\"th-btn\">Kontakt<i class=\"fas fa-arrow-right ms-2\"><\/i><\/a><\/div><\/div><\/div><div class=\"col-lg-4 col-md-6\"><div class=\"price-card \"><h3 class=\"box-title\">Plan treningowy<\/h3><p class=\"price-card_text\">Spersonalizowany plan treningowy, dostosowany do Twoich cel\u00f3w, poziomu zaawansowania i dost\u0119pnych zasob\u00f3w.<\/p><h4 class=\"price-card_price\">99<span class=\"currency\">z\u0142<\/span><span class=\"duration\"> \/ pakiet<\/span><\/h4><div class=\"price-card_content\"><div class=\"checklist\"><ul><li><i class=\"fas fa-circle-check\"><\/i>Plan treningowy na 4 tygodnie<\/li><li><i class=\"fas fa-circle-check\"><\/i>\u0106wiczenia dostosowane do sprz\u0119tu<\/li><li><i class=\"fas fa-circle-check\"><\/i>Wskaz\u00f3wki techniczne<\/li><li><i class=\"fas fa-circle-check\"><\/i>Dostosowanie intensywno\u015bci treningu<\/li><li><i class=\"fas fa-circle-check\"><\/i>Plan progresji na kolejny miesi\u0105c<\/li><\/ul><\/div><a href=\"\/#kontakt\" class=\"th-btn\">KONTAKT<i class=\"fas fa-arrow-right ms-2\"><\/i><\/a><\/div><\/div><\/div><\/div>\t\t<\/div>\n\t\t\t\t<\/div>\n\t\t\t\t<div class=\"elementor-element elementor-element-0c68a9c elementor-widget elementor-widget-dridecourse\" data-id=\"0c68a9c\" data-element_type=\"widget\" data-widget_type=\"dridecourse.default\">\n\t\t\t\t<div class=\"elementor-widget-container\">\n\t\t\t<div class=\"course_3 arrow-wrap\"><div class=\"row slider-shadow th-carousel\" data-slide-show=\"2\" data-lg-slide-show=\"2\" data-md-slide-show=\"1\" data-sm-slide-show=\"1\"><div class=\"col-md-6 col-xl-4\"><div class=\"course-box\"><div class=\"course-box_img\"><img decoding=\"async\" src=\"http:\/\/ptychufit.pl\/wp-content\/uploads\/2025\/03\/jadlospis-cennik.jpg\" alt=\"jadlospis cennik\"  \/><span class=\"price\">299 z\u0142<\/span><\/div><div class=\"course-meta\"><\/div><h3 class=\"box-title\"><a href=\"\/#kontakt\">Jad\u0142ospis dla par<\/a><\/h3><p class=\"course-box_text\">Dopasowanie do cel\u00f3w pary \u2022 Uwzgl\u0119dnienie alergii i nietolerancji \u2022 7 dniowy plan posi\u0142k\u00f3w \u2022 Lista wsp\u00f3lnych zakup\u00f3w \u2022 Przepisy i \u0142atwe instrukcje<\/p><div><a href=\"\/#kontakt\" class=\"th-btn btn-small\">KONTAKT<i class=\"fas fa-arrow-right ms-2\"><\/i><\/a><\/div><\/div><\/div><div class=\"col-md-6 col-xl-4\"><div class=\"course-box\"><div class=\"course-box_img\"><img decoding=\"async\" src=\"http:\/\/ptychufit.pl\/wp-content\/uploads\/2025\/03\/jadlospistrening-img.png\" alt=\"jadlospistrening img\"  \/><span class=\"price\">399 z\u0142<\/span><\/div><div class=\"course-meta\"><\/div><h3 class=\"box-title\"><a href=\"\/#kontakt\">Plan treningowy i jad\u0142ospis dla par<\/a><\/h3><p class=\"course-box_text\">Indywidualne plany treningowe \u2022 Dopasowanie diety do cel\u00f3w \u2022 Wskaz\u00f3wki do regeneracji \u2022 \u0106wiczenia dostosowane do obu os\u00f3b \u2022 Monitorowanie post\u0119p\u00f3w pary<\/p><div><a href=\"\/#kontakt\" class=\"th-btn btn-small\">KONTAKT<i class=\"fas fa-arrow-right ms-2\"><\/i><\/a><\/div><\/div><\/div><\/div><\/div>\t\t<\/div>\n\t\t\t\t<\/div>\n\t\t\t\t<div class=\"elementor-element elementor-element-6fcb4e2 elementor-widget elementor-widget-dridepricing\" data-id=\"6fcb4e2\" data-element_type=\"widget\" data-widget_type=\"dridepricing.default\">\n\t\t\t\t<div class=\"elementor-widget-container\">\n\t\t\t<div class=\"row gy-4 justify-content-center\"><div class=\"col-lg-4 col-md-6\"><div class=\"price-card \"><h3 class=\"box-title\">Konsultacje online<\/h3><p class=\"price-card_text\">Konsultacja, podczas kt\u00f3rej omawiamy Twoje cele, potrzeby i zdrowie.<\/p><h4 class=\"price-card_price\">99<span class=\"currency\">z\u0142<\/span><span class=\"duration\"> \/ pakiet<\/span><\/h4><div class=\"price-card_content\"><div class=\"checklist\"><ul><li><i class=\"fas fa-circle-check\"><\/i>Analiza cel\u00f3w i potrzeb klienta<\/li><li><i class=\"fas fa-circle-check\"><\/i>Porady dotycz\u0105ce diety i trening\u00f3w<\/li><li><i class=\"fas fa-circle-check\"><\/i>Wskaz\u00f3wki do dalszej pracy<\/li><li><i class=\"fas fa-circle-check\"><\/i>Dopasowanie planu dalszego dzia\u0142ania<\/li><li><i class=\"fas fa-circle-check\"><\/i>Mo\u017cliwo\u015b\u0107 zadania pyta\u0144 i uzyskania odpowiedzi<\/li><\/ul><\/div><a href=\"\/#kontakt\" class=\"th-btn\">KONTAKT<i class=\"fas fa-arrow-right ms-2\"><\/i><\/a><\/div><\/div><\/div><div class=\"col-lg-4 col-md-6\"><div class=\"price-card active\"><span class=\"tag\">Okazja<\/span><h3 class=\"box-title\">Trening dla dw\u00f3ch os\u00f3b<\/h3><p class=\"price-card_text\">Trening dla dw\u00f3ch os\u00f3b, dopasowany do ich cel\u00f3w i mo\u017cliwo\u015bci.<\/p><h4 class=\"price-card_price\">149<span class=\"currency\">z\u0142<\/span><span class=\"duration\"> \/ pakiet<\/span><\/h4><div class=\"price-card_content\"><div class=\"checklist\"><ul><li><i class=\"fas fa-circle-check\"><\/i>Plan treningowy dla dw\u00f3ch os\u00f3b<\/li><li><i class=\"fas fa-circle-check\"><\/i>Wsp\u00f3lna motywacja<\/li><li><i class=\"fas fa-circle-check\"><\/i>\u0106wiczenia dostosowane do poziomu<\/li><li><i class=\"fas fa-circle-check\"><\/i>Wsparcie trenera podczas treningu<\/li><li><i class=\"fas fa-circle-check\"><\/i>Indywidualne podej\u015bcie do ka\u017cdej osoby<\/li><\/ul><\/div><a href=\"\/#kontakt\" class=\"th-btn\">Kontakt<i class=\"fas fa-arrow-right ms-2\"><\/i><\/a><\/div><\/div><\/div><div class=\"col-lg-4 col-md-6\"><div class=\"price-card \"><h3 class=\"box-title\">Trening personalny<\/h3><p class=\"price-card_text\">Indywidualny trening dopasowany do Twoich cel\u00f3w i poziomu zaawansowania.<\/p><h4 class=\"price-card_price\">99<span class=\"currency\">z\u0142<\/span><span class=\"duration\"> \/ pakiet<\/span><\/h4><div class=\"price-card_content\"><div class=\"checklist\"><ul><li><i class=\"fas fa-circle-check\"><\/i>Personalizowany plan treningowy<\/li><li><i class=\"fas fa-circle-check\"><\/i>\u0106wiczenia dopasowane do Twoich cel\u00f3w<\/li><li><i class=\"fas fa-circle-check\"><\/i>Profesjonalne wskaz\u00f3wki techniczne<\/li><li><i class=\"fas fa-circle-check\"><\/i>Monitorowanie post\u0119p\u00f3w<\/li><li><i class=\"fas fa-circle-check\"><\/i>Motywacja i wsparcie<\/li><\/ul><\/div><a href=\"\/#kontakt\" class=\"th-btn\">KONTAKT<i class=\"fas fa-arrow-right ms-2\"><\/i><\/a><\/div><\/div><\/div><\/div>\t\t<\/div>\n\t\t\t\t<\/div>\n\t\t\t\t<div class=\"elementor-element elementor-element-0eb7f32 elementor-widget elementor-widget-dridecourse\" data-id=\"0eb7f32\" data-element_type=\"widget\" data-widget_type=\"dridecourse.default\">\n\t\t\t\t<div class=\"elementor-widget-container\">\n\t\t\t<div class=\"course_2 arrow-wrap\"><div class=\"row gy-30\"><div class=\"col-12\"><div class=\"course-card style2\"><div class=\"course-card_img\"><img decoding=\"async\" src=\"http:\/\/ptychufit.pl\/wp-content\/uploads\/2025\/03\/trening1.png\" alt=\"trening1\"  \/><\/div><div class=\"course-card_content\"><div class=\"price-wrap\"><span class=\"price\">149 z\u0142<\/span><\/div><h3 class=\"box-title\"><a href=\"\/#kontakt\">Prowadzenie treningowe online<\/a><\/h3><p class=\"course-card_text\">Indywidualny plan treningowy \u2022 Regularna analiza post\u0119p\u00f3w \u2022 Korekta techniki \u0107wicze\u0144 \u2022 Porady dotycz\u0105ce regeneracji \u2022 Konsultacje online<\/p><div class=\"course-meta\"><div class=\"meta-box\"><div class=\"avater\"><img decoding=\"async\" src=\"http:\/\/ptychufit.pl\/wp-content\/uploads\/2025\/03\/mini-ptychu.png\" alt=\"mini ptychu\"  \/><\/div><div class=\"media-body\"><h6 class=\"title\">Patryk Kubiak<\/h6><span class=\"info\">Magister<\/span><\/div><\/div><div class=\"meta-box\"><div class=\"icon\"><i class=\"fal fa-clock\"><\/i><\/div><div class=\"media-body\"><h6 class=\"title\">Czas<\/h6><span class=\"info\">1 miesi\u0105c<\/span><\/div><\/div><\/div><div><a href=\"\/#kontakt\" class=\"th-btn\">KONTAKT<i class=\"fas fa-arrow-right ms-2\"><\/i><\/a><\/div><\/div><\/div><\/div><div class=\"col-12\"><div class=\"course-card style2\"><div class=\"course-card_img\"><img decoding=\"async\" src=\"http:\/\/ptychufit.pl\/wp-content\/uploads\/2025\/03\/trening2.png\" alt=\"trening2\"  \/><\/div><div class=\"course-card_content\"><div class=\"price-wrap\"><span class=\"price\">349 z\u0142<\/span><\/div><h3 class=\"box-title\"><a href=\"\/#kontakt\">Prowadzenie treningowe online<\/a><\/h3><p class=\"course-card_text\">Personalizowany plan treningowy na 3 miesi\u0105ce \u2022 Regularne monitorowanie post\u0119p\u00f3w \u2022 Korekta techniki i intensywno\u015bci \u2022 Wsparcie w adaptacji do zmieniaj\u0105cych si\u0119 cel\u00f3w \u2022 Konsultacje i motywacja<\/p><div class=\"course-meta\"><div class=\"meta-box\"><div class=\"avater\"><img decoding=\"async\" src=\"http:\/\/ptychufit.pl\/wp-content\/uploads\/2025\/03\/mini-ptychu.png\" alt=\"mini ptychu\"  \/><\/div><div class=\"media-body\"><h6 class=\"title\">Patryk Kubiak<\/h6><span class=\"info\">Magister<\/span><\/div><\/div><div class=\"meta-box\"><div class=\"icon\"><i class=\"fal fa-clock\"><\/i><\/div><div class=\"media-body\"><h6 class=\"title\">Czas<\/h6><span class=\"info\">3 miesi\u0105ce<\/span><\/div><\/div><\/div><div><a href=\"\/#kontakt\" class=\"th-btn\">KONTAKT<i class=\"fas fa-arrow-right ms-2\"><\/i><\/a><\/div><\/div><\/div><\/div><\/div><\/div>\t\t<\/div>\n\t\t\t\t<\/div>\n\t\t\t\t<div class=\"elementor-element elementor-element-e880774 elementor-widget elementor-widget-dridecourse\" data-id=\"e880774\" data-element_type=\"widget\" data-widget_type=\"dridecourse.default\">\n\t\t\t\t<div class=\"elementor-widget-container\">\n\t\t\t<div class=\"course_3 arrow-wrap\"><div data-arrows=\"true\" class=\"row slider-shadow th-carousel\" data-slide-show=\"2\" data-lg-slide-show=\"2\" data-md-slide-show=\"1\" data-sm-slide-show=\"1\"><div class=\"col-md-6 col-xl-4\"><div class=\"course-box\"><div class=\"course-box_img\"><img decoding=\"async\" src=\"http:\/\/ptychufit.pl\/wp-content\/uploads\/2025\/03\/trening1.png\" alt=\"trening1\"  \/><span class=\"price\">299 z\u0142<\/span><\/div><div class=\"course-meta\"><span><i class=\"fas fa-clock\"><\/i>1 miesi\u0105c<\/span><\/div><h3 class=\"box-title\"><a href=\"\/#kontakt\">Prowadzenie treningowe + dieta<\/a><\/h3><p class=\"course-box_text\">Indywidualny plan treningowy \u2022 Spersonalizowany jad\u0142ospis \u2022 Cotygodniowa analiza post\u0119p\u00f3w \u2022 Wskaz\u00f3wki dotycz\u0105ce regeneracji i suplementacji \u2022 Sta\u0142y kontakt i wsparcie online<\/p><div><a href=\"\/#kontakt\" class=\"th-btn btn-small\">KONTAKT<i class=\"fas fa-arrow-right ms-2\"><\/i><\/a><\/div><\/div><\/div><div class=\"col-md-6 col-xl-4\"><div class=\"course-box\"><div class=\"course-box_img\"><img decoding=\"async\" src=\"http:\/\/ptychufit.pl\/wp-content\/uploads\/2025\/03\/trening1.png\" alt=\"trening1\"  \/><span class=\"price\">799 z\u0142<\/span><\/div><div class=\"course-meta\"><span><i class=\"fas fa-clock\"><\/i>3 miesi\u0105ce<\/span><\/div><h3 class=\"box-title\"><a href=\"\/#kontakt\">Prowadzenie treningowe + dieta<\/a><\/h3><p class=\"course-box_text\">Plan treningowy na 3 miesi\u0105ce \u2022 Jad\u0142ospis dopasowany do Twoich cel\u00f3w \u2022 Regularne monitorowanie post\u0119p\u00f3w \u2022 Wskaz\u00f3wki dotycz\u0105ce regeneracji i suplementacji \u2022 Cotygodniowe konsultacje online i motywacja<\/p><div><a href=\"\/#kontakt\" class=\"th-btn btn-small\">KONTAKT<i class=\"fas fa-arrow-right ms-2\"><\/i><\/a><\/div><\/div><\/div><\/div><\/div>\t\t<\/div>\n\t\t\t\t<\/div>\n\t\t\t\t<div class=\"elementor-element elementor-element-4b98f3d elementor-widget elementor-widget-dridepricing\" data-id=\"4b98f3d\" data-element_type=\"widget\" data-widget_type=\"dridepricing.default\">\n\t\t\t\t<div class=\"elementor-widget-container\">\n\t\t\t<div class=\"row gy-4 justify-content-center\"><div class=\"col-lg-4 col-md-6\"><div class=\"price-card \"><h3 class=\"box-title\">Prowadzenie dla par<\/h3><p class=\"price-card_text\">Pakiet online dla par, obejmuj\u0105cy wsp\u00f3ln\u0105 diet\u0119 oraz plan treningowy, dostosowany do potrzeb obu os\u00f3b przez 1 miesi\u0105c.<\/p><h4 class=\"price-card_price\">499<span class=\"currency\">z\u0142<\/span><span class=\"duration\"> \/ pakiet<\/span><\/h4><div class=\"price-card_content\"><div class=\"checklist\"><ul><li><i class=\"fas fa-circle-check\"><\/i>Indywidualne plany treningowe dla ka\u017cdej osoby<\/li><li><i class=\"fas fa-circle-check\"><\/i>Spersonalizowany jad\u0142ospis dla pary<\/li><li><i class=\"fas fa-circle-check\"><\/i>Cotygodniowa analiza post\u0119p\u00f3w<\/li><li><i class=\"fas fa-circle-check\"><\/i>Wskaz\u00f3wki dotycz\u0105ce regeneracji i suplementacji<\/li><li><i class=\"fas fa-circle-check\"><\/i>Sta\u0142y kontakt i wsparcie online<\/li><\/ul><\/div><a href=\"\/#kontakt\" class=\"th-btn\">KONTAKT<i class=\"fas fa-arrow-right ms-2\"><\/i><\/a><\/div><\/div><\/div><div class=\"col-lg-4 col-md-6\"><div class=\"price-card active\"><span class=\"tag\">Okazja<\/span><h3 class=\"box-title\">Prowadzenie dla par<\/h3><p class=\"price-card_text\">D\u0142ugoterminowe wsparcie online dla par, kt\u00f3re pomo\u017ce Wam osi\u0105gn\u0105\u0107 wsp\u00f3lne cele zdrowotne i fitnessowe przez 3 miesi\u0105ce.<\/p><h4 class=\"price-card_price\">1399<span class=\"currency\">z\u0142<\/span><span class=\"duration\"> \/ pakiet<\/span><\/h4><div class=\"price-card_content\"><div class=\"checklist\"><ul><li><i class=\"fas fa-circle-check\"><\/i>Plany treningowe dla obu os\u00f3b na 3 miesi\u0105ce<\/li><li><i class=\"fas fa-circle-check\"><\/i>Jad\u0142ospis dopasowany do potrzeb pary<\/li><li><i class=\"fas fa-circle-check\"><\/i>Regularne monitorowanie post\u0119p\u00f3w<\/li><li><i class=\"fas fa-circle-check\"><\/i>Konsultacje online i motywacja<\/li><li><i class=\"fas fa-circle-check\"><\/i>Wskaz\u00f3wki dotycz\u0105ce regeneracji i suplementacji<\/li><\/ul><\/div><a href=\"\/#kontakt\" class=\"th-btn\">Kontakt<i class=\"fas fa-arrow-right ms-2\"><\/i><\/a><\/div><\/div><\/div><\/div>\t\t<\/div>\n\t\t\t\t<\/div>\n\t\t\t\t\t<\/div>\n\t\t<\/div>\n\t\t\t\t\t<\/div>\n\t\t<\/section>\n\t\t\t\t<\/div>\n\t\t","protected":false},"excerpt":{"rendered":"<p>Osi\u0105gnij swoje cele zdrowotne. Zmieniaj \u017cycie, zacznij teraz! Chcesz osi\u0105gn\u0105\u0107 swoje cele zdrowotne? Zapoznaj si\u0119 z moimi us\u0142ugami i wybierz plan, kt\u00f3ry pomo\u017ce Ci osi\u0105gn\u0105\u0107 lepsz\u0105 form\u0119, zdrowie i samopoczucie. DOWIEDZ SI\u0118 WI\u0118CEJ Cennik us\u0142ug Zobacz, jak mog\u0119 Ci pom\u00f3c \u2013 sprawd\u017a dost\u0119pne opcje w moim cenniku. Jad\u0142ospis Spersonalizowany jad\u0142ospis dopasowany do Twoich cel\u00f3w, stylu&#8230;<\/p>\n","protected":false},"author":2,"featured_media":0,"parent":0,"menu_order":0,"comment_status":"closed","ping_status":"closed","template":"template-builder.php","meta":{"footnotes":""},"class_list":["post-3604","page","type-page","status-publish","hentry"],"_links":{"self":[{"href":"http:\/\/ptychufit.pl\/index.php?rest_route=\/wp\/v2\/pages\/3604","targetHints":{"allow":["GET"]}}],"collection":[{"href":"http:\/\/ptychufit.pl\/index.php?rest_route=\/wp\/v2\/pages"}],"about":[{"href":"http:\/\/ptychufit.pl\/index.php?rest_route=\/wp\/v2\/types\/page"}],"author":[{"embeddable":true,"href":"http:\/\/ptychufit.pl\/index.php?rest_route=\/wp\/v2\/users\/2"}],"replies":[{"embeddable":true,"href":"http:\/\/ptychufit.pl\/index.php?rest_route=%2Fwp%2Fv2%2Fcomments&post=3604"}],"version-history":[{"count":157,"href":"http:\/\/ptychufit.pl\/index.php?rest_route=\/wp\/v2\/pages\/3604\/revisions"}],"predecessor-version":[{"id":4033,"href":"http:\/\/ptychufit.pl\/index.php?rest_route=\/wp\/v2\/pages\/3604\/revisions\/4033"}],"wp:attachment":[{"href":"http:\/\/ptychufit.pl\/index.php?rest_route=%2Fwp%2Fv2%2Fmedia&parent=3604"}],"curies":[{"name":"wp","href":"https:\/\/api.w.org\/{rel}","templated":true}]}}